{"id":786,"date":"2024-05-20T20:36:27","date_gmt":"2024-05-20T20:36:27","guid":{"rendered":"https:\/\/ecordero.com.ar\/?page_id=786"},"modified":"2025-12-15T12:38:21","modified_gmt":"2025-12-15T12:38:21","slug":"novedades","status":"publish","type":"page","link":"https:\/\/ecordero.com.ar\/en\/novedades\/","title":{"rendered":"Novedades"},"content":{"rendered":"<div data-elementor-type=\"wp-page\" data-elementor-id=\"786\" class=\"elementor elementor-786\" data-elementor-post-type=\"page\">\n\t\t\t\t\t\t<section class=\"elementor-section elementor-top-section elementor-element elementor-element-4f6af187 elementor-section-full_width elementor-section-height-default elementor-section-height-default\" data-id=\"4f6af187\" data-element_type=\"section\" id=\"soluciones\" data-settings=\"{&quot;background_background&quot;:&quot;classic&quot;}\">\n\t\t\t\t\t\t\t<div class=\"elementor-background-overlay\"><\/div>\n\t\t\t\t\t\t\t<div class=\"elementor-container elementor-column-gap-no\">\n\t\t\t\t\t<div class=\"elementor-column elementor-col-33 elementor-top-column elementor-element elementor-element-5bf99c83\" data-id=\"5bf99c83\" data-element_type=\"column\">\n\t\t\t<div class=\"elementor-widget-wrap\">\n\t\t\t\t\t\t\t<\/div>\n\t\t<\/div>\n\t\t\t\t<div class=\"elementor-column elementor-col-33 elementor-top-column elementor-element elementor-element-ae0c3cf\" data-id=\"ae0c3cf\" data-element_type=\"column\">\n\t\t\t<div class=\"elementor-widget-wrap elementor-element-populated\">\n\t\t\t\t\t\t<div class=\"elementor-element elementor-element-6f4e5b56 elementor-widget elementor-widget-heading\" data-id=\"6f4e5b56\" data-element_type=\"widget\" data-widget_type=\"heading.default\">\n\t\t\t\t<div class=\"elementor-widget-container\">\n\t\t\t\t\t<h1 class=\"elementor-heading-title elementor-size-default\">Novedades<\/h1>\t\t\t\t<\/div>\n\t\t\t\t<\/div>\n\t\t\t\t\t<\/div>\n\t\t<\/div>\n\t\t\t\t<div class=\"elementor-column elementor-col-33 elementor-top-column elementor-element elementor-element-38483745\" data-id=\"38483745\" data-element_type=\"column\">\n\t\t\t<div class=\"elementor-widget-wrap\">\n\t\t\t\t\t\t\t<\/div>\n\t\t<\/div>\n\t\t\t\t\t<\/div>\n\t\t<\/section>\n\t\t\t\t<section class=\"elementor-section elementor-top-section elementor-element elementor-element-2af0bf8 elementor-section-boxed elementor-section-height-default elementor-section-height-default\" data-id=\"2af0bf8\" data-element_type=\"section\">\n\t\t\t\t\t\t<div class=\"elementor-container elementor-column-gap-default\">\n\t\t\t\t\t<div class=\"elementor-column elementor-col-100 elementor-top-column elementor-element elementor-element-cd038c7\" data-id=\"cd038c7\" data-element_type=\"column\">\n\t\t\t<div class=\"elementor-widget-wrap elementor-element-populated\">\n\t\t\t\t\t\t<div class=\"elementor-element elementor-element-076d019 elementor-widget elementor-widget-heading\" data-id=\"076d019\" data-element_type=\"widget\" data-widget_type=\"heading.default\">\n\t\t\t\t<div class=\"elementor-widget-container\">\n\t\t\t\t\t<h2 class=\"elementor-heading-title elementor-size-default\">Noticias<\/h2>\t\t\t\t<\/div>\n\t\t\t\t<\/div>\n\t\t\t\t\t<\/div>\n\t\t<\/div>\n\t\t\t\t\t<\/div>\n\t\t<\/section>\n\t\t\t\t<section class=\"elementor-section elementor-top-section elementor-element elementor-element-a27594a elementor-section-boxed elementor-section-height-default elementor-section-height-default\" data-id=\"a27594a\" data-element_type=\"section\">\n\t\t\t\t\t\t<div class=\"elementor-container elementor-column-gap-default\">\n\t\t\t\t\t<div class=\"elementor-column elementor-col-33 elementor-top-column elementor-element elementor-element-0fead0a\" data-id=\"0fead0a\" data-element_type=\"column\">\n\t\t\t<div class=\"elementor-widget-wrap elementor-element-populated\">\n\t\t\t\t\t\t<div class=\"elementor-element elementor-element-715134b elementor-widget elementor-widget-video\" data-id=\"715134b\" data-element_type=\"widget\" data-settings=\"{&quot;youtube_url&quot;:&quot;https:\\\/\\\/www.youtube.com\\\/watch?v=Tbve2O9TZx4&quot;,&quot;autoplay&quot;:&quot;yes&quot;,&quot;mute&quot;:&quot;yes&quot;,&quot;yt_privacy&quot;:&quot;yes&quot;,&quot;video_type&quot;:&quot;youtube&quot;,&quot;controls&quot;:&quot;yes&quot;}\" data-widget_type=\"video.default\">\n\t\t\t\t<div class=\"elementor-widget-container\">\n\t\t\t\t\t\t\t<div class=\"elementor-wrapper elementor-open-inline\">\n\t\t\t<div class=\"elementor-video\"><\/div>\t\t<\/div>\n\t\t\t\t\t\t<\/div>\n\t\t\t\t<\/div>\n\t\t\t\t<div class=\"elementor-element elementor-element-fd386ef elementor-grid-1 elementor-grid-tablet-2 elementor-grid-mobile-1 elementor-posts--thumbnail-top elementor-card-shadow-yes elementor-posts__hover-gradient elementor-widget elementor-widget-posts\" data-id=\"fd386ef\" data-element_type=\"widget\" data-settings=\"{&quot;pagination_type&quot;:&quot;numbers&quot;,&quot;cards_columns&quot;:&quot;1&quot;,&quot;cards_columns_tablet&quot;:&quot;2&quot;,&quot;cards_columns_mobile&quot;:&quot;1&quot;,&quot;cards_row_gap&quot;:{&quot;unit&quot;:&quot;px&quot;,&quot;size&quot;:35,&quot;sizes&quot;:[]},&quot;cards_row_gap_tablet&quot;:{&quot;unit&quot;:&quot;px&quot;,&quot;size&quot;:&quot;&quot;,&quot;sizes&quot;:[]},&quot;cards_row_gap_mobile&quot;:{&quot;unit&quot;:&quot;px&quot;,&quot;size&quot;:&quot;&quot;,&quot;sizes&quot;:[]}}\" data-widget_type=\"posts.cards\">\n\t\t\t\t<div class=\"elementor-widget-container\">\n\t\t\t\t\t\t\t<div class=\"elementor-posts-container elementor-posts elementor-posts--skin-cards elementor-grid\" role=\"list\">\r\n\t\t\t\t<article class=\"elementor-post elementor-grid-item post-982 post type-post status-publish format-standard hentry category-novedades\" role=\"listitem\">\r\n\t\t\t<div class=\"elementor-post__card\">\r\n\t\t\t\t<div class=\"elementor-post__text\">\r\n\t\t\t\t<h3 class=\"elementor-post__title\">\r\n\t\t\t<a href=\"https:\/\/ecordero.com.ar\/en\/70-anos-de-cordero-un-legado-de-ingenio-que-trasciende\/\" >\r\n\t\t\t\t70 a\u00f1os de CORDERO: Un legado de ingenio que trasciende\t\t\t<\/a>\r\n\t\t<\/h3>\r\n\t\t\t\t<div class=\"elementor-post__excerpt\">\r\n\t\t\t<p>Este 2024 el tiempo se convierte en historia para celebrar el 70 aniversario de trayectoria de nuestra empresa, donde cada pieza cuenta.<\/p>\n\t\t<\/div>\r\n\t\t\t\t\t<div class=\"elementor-post__read-more-wrapper\">\r\n\t\t\r\n\t\t<a class=\"elementor-post__read-more\" href=\"https:\/\/ecordero.com.ar\/en\/70-anos-de-cordero-un-legado-de-ingenio-que-trasciende\/\" aria-label=\"Read more about 70 a\u00f1os de CORDERO: Un legado de ingenio que trasciende\" tabindex=\"-1\" >\r\n\t\t\tLeer m\u00e1s\t\t<\/a>\r\n\r\n\t\t\t\t\t<\/div>\r\n\t\t\t\t<\/div>\r\n\t\t\t\t<div class=\"elementor-post__meta-data\">\r\n\t\t\t\t\t<span class=\"elementor-post-date\">\r\n\t\t\tMay 30, 2024\t\t<\/span>\r\n\t\t\t\t<\/div>\r\n\t\t\t\t\t<\/div>\r\n\t\t<\/article>\r\n\t\t\t\t<\/div>\r\n\t\t\r\n\t\t\t\t\t\t<\/div>\n\t\t\t\t<\/div>\n\t\t\t\t\t<\/div>\n\t\t<\/div>\n\t\t\t\t<div class=\"elementor-column elementor-col-33 elementor-top-column elementor-element elementor-element-d8c5e81 elementor-hidden-tablet elementor-hidden-mobile\" data-id=\"d8c5e81\" data-element_type=\"column\">\n\t\t\t<div class=\"elementor-widget-wrap elementor-element-populated\">\n\t\t\t\t\t\t<div class=\"elementor-element elementor-element-2f9c5fc elementor-widget elementor-widget-video\" data-id=\"2f9c5fc\" data-element_type=\"widget\" data-settings=\"{&quot;youtube_url&quot;:&quot;https:\\\/\\\/youtu.be\\\/4K2h8Nvpdqo?si=fFKrZiklWCu9CooY&quot;,&quot;autoplay&quot;:&quot;yes&quot;,&quot;mute&quot;:&quot;yes&quot;,&quot;yt_privacy&quot;:&quot;yes&quot;,&quot;video_type&quot;:&quot;youtube&quot;,&quot;controls&quot;:&quot;yes&quot;}\" data-widget_type=\"video.default\">\n\t\t\t\t<div class=\"elementor-widget-container\">\n\t\t\t\t\t\t\t<div class=\"elementor-wrapper elementor-open-inline\">\n\t\t\t<div class=\"elementor-video\"><\/div>\t\t<\/div>\n\t\t\t\t\t\t<\/div>\n\t\t\t\t<\/div>\n\t\t\t\t<div class=\"elementor-element elementor-element-b337830 elementor-grid-1 elementor-grid-tablet-2 elementor-grid-mobile-1 elementor-posts--thumbnail-top elementor-card-shadow-yes elementor-posts__hover-gradient elementor-widget elementor-widget-posts\" data-id=\"b337830\" data-element_type=\"widget\" data-settings=\"{&quot;pagination_type&quot;:&quot;numbers&quot;,&quot;cards_columns&quot;:&quot;1&quot;,&quot;cards_columns_tablet&quot;:&quot;2&quot;,&quot;cards_columns_mobile&quot;:&quot;1&quot;,&quot;cards_row_gap&quot;:{&quot;unit&quot;:&quot;px&quot;,&quot;size&quot;:35,&quot;sizes&quot;:[]},&quot;cards_row_gap_tablet&quot;:{&quot;unit&quot;:&quot;px&quot;,&quot;size&quot;:&quot;&quot;,&quot;sizes&quot;:[]},&quot;cards_row_gap_mobile&quot;:{&quot;unit&quot;:&quot;px&quot;,&quot;size&quot;:&quot;&quot;,&quot;sizes&quot;:[]}}\" data-widget_type=\"posts.cards\">\n\t\t\t\t<div class=\"elementor-widget-container\">\n\t\t\t\t\t\t\t<div class=\"elementor-posts-container elementor-posts elementor-posts--skin-cards elementor-grid\" role=\"list\">\r\n\t\t\t\t<article class=\"elementor-post elementor-grid-item post-1884 post type-post status-publish format-standard hentry category-novedades\" role=\"listitem\">\r\n\t\t\t<div class=\"elementor-post__card\">\r\n\t\t\t\t<div class=\"elementor-post__text\">\r\n\t\t\t\t<h3 class=\"elementor-post__title\">\r\n\t\t\t<a href=\"https:\/\/ecordero.com.ar\/en\/todo-nace-de-un-sueno-nuestra-historia-2\/\" >\r\n\t\t\t\tTodo nace de un sue\u00f1o: nuestra historia.\t\t\t<\/a>\r\n\t\t<\/h3>\r\n\t\t\t\t<div class=\"elementor-post__excerpt\">\r\n\t\t\t<p>Por los 70 a\u00f1os de CORDERO, abrimos nuestro archivo, conectamos relatos y completamos los vac\u00edos con imaginaci\u00f3n. <\/p>\n\t\t<\/div>\r\n\t\t\t\t\t<div class=\"elementor-post__read-more-wrapper\">\r\n\t\t\r\n\t\t<a class=\"elementor-post__read-more\" href=\"https:\/\/ecordero.com.ar\/en\/todo-nace-de-un-sueno-nuestra-historia-2\/\" aria-label=\"Read more about Todo nace de un sue\u00f1o: nuestra historia.\" tabindex=\"-1\" >\r\n\t\t\tLeer m\u00e1s\t\t<\/a>\r\n\r\n\t\t\t\t\t<\/div>\r\n\t\t\t\t<\/div>\r\n\t\t\t\t<div class=\"elementor-post__meta-data\">\r\n\t\t\t\t\t<span class=\"elementor-post-date\">\r\n\t\t\tJuly 7, 2025\t\t<\/span>\r\n\t\t\t\t<\/div>\r\n\t\t\t\t\t<\/div>\r\n\t\t<\/article>\r\n\t\t\t\t<\/div>\r\n\t\t\r\n\t\t\t\t\t\t<\/div>\n\t\t\t\t<\/div>\n\t\t\t\t\t<\/div>\n\t\t<\/div>\n\t\t\t\t<div class=\"elementor-column elementor-col-33 elementor-top-column elementor-element elementor-element-08819e5 elementor-hidden-tablet elementor-hidden-mobile\" data-id=\"08819e5\" data-element_type=\"column\">\n\t\t\t<div class=\"elementor-widget-wrap\">\n\t\t\t\t\t\t\t<\/div>\n\t\t<\/div>\n\t\t\t\t\t<\/div>\n\t\t<\/section>\n\t\t\t\t<section class=\"elementor-section elementor-top-section elementor-element elementor-element-170d192 elementor-section-boxed elementor-section-height-default elementor-section-height-default\" data-id=\"170d192\" data-element_type=\"section\">\n\t\t\t\t\t\t<div class=\"elementor-container elementor-column-gap-default\">\n\t\t\t\t\t<div class=\"elementor-column elementor-col-100 elementor-top-column elementor-element elementor-element-90ece80\" data-id=\"90ece80\" data-element_type=\"column\">\n\t\t\t<div class=\"elementor-widget-wrap elementor-element-populated\">\n\t\t\t\t\t\t<div class=\"elementor-element elementor-element-efa0f8d elementor-widget elementor-widget-heading\" data-id=\"efa0f8d\" data-element_type=\"widget\" data-widget_type=\"heading.default\">\n\t\t\t\t<div class=\"elementor-widget-container\">\n\t\t\t\t\t<h2 class=\"elementor-heading-title elementor-size-default\">La voz de CORDERO | Bolet\u00edn mensual<\/h2>\t\t\t\t<\/div>\n\t\t\t\t<\/div>\n\t\t\t\t\t<\/div>\n\t\t<\/div>\n\t\t\t\t\t<\/div>\n\t\t<\/section>\n\t\t\t\t<section class=\"elementor-section elementor-top-section elementor-element elementor-element-e9e4cf2 elementor-section-boxed elementor-section-height-default elementor-section-height-default\" data-id=\"e9e4cf2\" data-element_type=\"section\">\n\t\t\t\t\t\t<div class=\"elementor-container elementor-column-gap-default\">\n\t\t\t\t\t<div class=\"elementor-column elementor-col-100 elementor-top-column elementor-element elementor-element-e45b410\" data-id=\"e45b410\" data-element_type=\"column\">\n\t\t\t<div class=\"elementor-widget-wrap elementor-element-populated\">\n\t\t\t\t\t\t<div class=\"elementor-element elementor-element-1516d9d elementor-widget elementor-widget-eael-cta-box\" data-id=\"1516d9d\" data-element_type=\"widget\" data-widget_type=\"eael-cta-box.default\">\n\t\t\t\t<div class=\"elementor-widget-container\">\n\t\t\t\t\t\t\t\t<div class=\"eael-call-to-action cta-flex bg-lite cta-preset-1\">\n\t    <div class=\"content\">\n            <h2 class=\"title eael-cta-heading\">La continuidad como camino<\/h2><p>Diciembre 2025<\/p>\t    <\/div>\n\t    <div class=\"action\">\n\t        <a href=\"https:\/\/ecordero.com.ar\/en\/la-continuidad-como-camino-diciembre-2025\/\" target=\"_blank\" class=\"cta-button cta-preset-1\">VER<\/a>\t    <\/div>\n\t<\/div>\n\t\t\t\t\t\t\t<\/div>\n\t\t\t\t<\/div>\n\t\t\t\t<div class=\"elementor-element elementor-element-a721dd6 elementor-widget elementor-widget-eael-cta-box\" data-id=\"a721dd6\" data-element_type=\"widget\" data-widget_type=\"eael-cta-box.default\">\n\t\t\t\t<div class=\"elementor-widget-container\">\n\t\t\t\t\t\t\t\t<div class=\"eael-call-to-action cta-flex bg-lite cta-preset-1\">\n\t    <div class=\"content\">\n            <h2 class=\"title eael-cta-heading\">Cada acci\u00f3n cuenta<\/h2><p>Noviembre 2025<\/p>\t    <\/div>\n\t    <div class=\"action\">\n\t        <a href=\"https:\/\/ecordero.com.ar\/en\/cada-accion-cuenta-noviembre-2025\/\" target=\"_blank\" class=\"cta-button cta-preset-1\">VER<\/a>\t    <\/div>\n\t<\/div>\n\t\t\t\t\t\t\t<\/div>\n\t\t\t\t<\/div>\n\t\t\t\t<div class=\"elementor-element elementor-element-6eab861 elementor-widget elementor-widget-eael-cta-box\" data-id=\"6eab861\" data-element_type=\"widget\" data-widget_type=\"eael-cta-box.default\">\n\t\t\t\t<div class=\"elementor-widget-container\">\n\t\t\t\t\t\t\t\t<div class=\"eael-call-to-action cta-flex bg-lite cta-preset-1\">\n\t    <div class=\"content\">\n            <h2 class=\"title eael-cta-heading\">Hacer para crecer<\/h2><p>Septiembre 2025<\/p>\t    <\/div>\n\t    <div class=\"action\">\n\t        <a href=\"https:\/\/ecordero.com.ar\/en\/hacer-para-crecer-septiembre-2025\/\" target=\"_blank\" class=\"cta-button cta-preset-1\">VER<\/a>\t    <\/div>\n\t<\/div>\n\t\t\t\t\t\t\t<\/div>\n\t\t\t\t<\/div>\n\t\t\t\t<div class=\"elementor-element elementor-element-53e0647 elementor-widget elementor-widget-eael-cta-box\" data-id=\"53e0647\" data-element_type=\"widget\" data-widget_type=\"eael-cta-box.default\">\n\t\t\t\t<div class=\"elementor-widget-container\">\n\t\t\t\t\t\t\t\t<div class=\"eael-call-to-action cta-flex bg-lite cta-preset-1\">\n\t    <div class=\"content\">\n            <h2 class=\"title eael-cta-heading\">Esp\u00edritu Pyme<\/h2><p>Julio 2025<\/p>\t    <\/div>\n\t    <div class=\"action\">\n\t        <a href=\"https:\/\/ecordero.com.ar\/en\/espiritu-pyme-julio-2025\/\" target=\"_blank\" class=\"cta-button cta-preset-1\">VER<\/a>\t    <\/div>\n\t<\/div>\n\t\t\t\t\t\t\t<\/div>\n\t\t\t\t<\/div>\n\t\t\t\t<div class=\"elementor-element elementor-element-2353f6b elementor-widget elementor-widget-eael-cta-box\" data-id=\"2353f6b\" data-element_type=\"widget\" data-widget_type=\"eael-cta-box.default\">\n\t\t\t\t<div class=\"elementor-widget-container\">\n\t\t\t\t\t\t\t\t<div class=\"eael-call-to-action cta-flex bg-lite cta-preset-1\">\n\t    <div class=\"content\">\n            <h2 class=\"title eael-cta-heading\">Mujeres en la industria<\/h2><p>Mayo 2025<\/p>\t    <\/div>\n\t    <div class=\"action\">\n\t        <a href=\"https:\/\/ecordero.com.ar\/en\/la-voz-de-cordero-mayo-2025\/\" target=\"_blank\" class=\"cta-button cta-preset-1\">VER<\/a>\t    <\/div>\n\t<\/div>\n\t\t\t\t\t\t\t<\/div>\n\t\t\t\t<\/div>\n\t\t\t\t<div class=\"elementor-element elementor-element-c56bc94 elementor-widget elementor-widget-eael-cta-box\" data-id=\"c56bc94\" data-element_type=\"widget\" data-widget_type=\"eael-cta-box.default\">\n\t\t\t\t<div class=\"elementor-widget-container\">\n\t\t\t\t\t\t\t\t<div class=\"eael-call-to-action cta-flex bg-lite cta-preset-1\">\n\t    <div class=\"content\">\n            <h2 class=\"title eael-cta-heading\">Cada persona cuenta - Comunidad CORDERO<\/h2><p>Febrero 2025<\/p>\t    <\/div>\n\t    <div class=\"action\">\n\t        <a href=\"https:\/\/ecordero.com.ar\/wp-content\/uploads\/2025\/04\/La-voz-de-CORDERO-Febrero-2025.pdf\" target=\"_blank\" class=\"cta-button cta-preset-1\">VER<\/a>\t    <\/div>\n\t<\/div>\n\t\t\t\t\t\t\t<\/div>\n\t\t\t\t<\/div>\n\t\t\t\t<div class=\"elementor-element elementor-element-352bd11 elementor-widget elementor-widget-eael-cta-box\" data-id=\"352bd11\" data-element_type=\"widget\" data-widget_type=\"eael-cta-box.default\">\n\t\t\t\t<div class=\"elementor-widget-container\">\n\t\t\t\t\t\t\t\t<div class=\"eael-call-to-action cta-flex bg-lite cta-preset-1\">\n\t    <div class=\"content\">\n            <h2 class=\"title eael-cta-heading\">Cierre 2024 junto a nuestro equipo<\/h2><p>Diciembre 2024<\/p>\t    <\/div>\n\t    <div class=\"action\">\n\t        <a href=\"https:\/\/ecordero.com.ar\/wp-content\/uploads\/2025\/04\/La-voz-de-CORDERO-Diciembre-2024.pdf\" target=\"_blank\" class=\"cta-button cta-preset-1\">VER<\/a>\t    <\/div>\n\t<\/div>\n\t\t\t\t\t\t\t<\/div>\n\t\t\t\t<\/div>\n\t\t\t\t<div class=\"elementor-element elementor-element-abfdd2f elementor-widget elementor-widget-eael-cta-box\" data-id=\"abfdd2f\" data-element_type=\"widget\" data-widget_type=\"eael-cta-box.default\">\n\t\t\t\t<div class=\"elementor-widget-container\">\n\t\t\t\t\t\t\t\t<div class=\"eael-call-to-action cta-flex bg-lite cta-preset-1\">\n\t    <div class=\"content\">\n            <h2 class=\"title eael-cta-heading\">CORDERO y la comunidad: Nuestro compromiso con el triple impacto<\/h2><p>Noviembre 2024<\/p>\t    <\/div>\n\t    <div class=\"action\">\n\t        <a href=\"https:\/\/ecordero.com.ar\/wp-content\/uploads\/2025\/04\/La-voz-de-CORDERO-Noviembre-2024.pdf\" target=\"_blank\" class=\"cta-button cta-preset-1\">VER<\/a>\t    <\/div>\n\t<\/div>\n\t\t\t\t\t\t\t<\/div>\n\t\t\t\t<\/div>\n\t\t\t\t<div class=\"elementor-element elementor-element-96d9f1a elementor-widget elementor-widget-eael-cta-box\" data-id=\"96d9f1a\" data-element_type=\"widget\" data-widget_type=\"eael-cta-box.default\">\n\t\t\t\t<div class=\"elementor-widget-container\">\n\t\t\t\t\t\t\t\t<div class=\"eael-call-to-action cta-flex bg-lite cta-preset-1\">\n\t    <div class=\"content\">\n            <h2 class=\"title eael-cta-heading\">Celebrando 70 a\u00f1os de trayectoria<\/h2><p>Septiembre 2024<\/p>\t    <\/div>\n\t    <div class=\"action\">\n\t        <a href=\"https:\/\/ecordero.com.ar\/wp-content\/uploads\/2025\/04\/La-voz-de-CORDERO-Septiembre-2024.pdf\" target=\"_blank\" class=\"cta-button cta-preset-1\">VER<\/a>\t    <\/div>\n\t<\/div>\n\t\t\t\t\t\t\t<\/div>\n\t\t\t\t<\/div>\n\t\t\t\t\t<\/div>\n\t\t<\/div>\n\t\t\t\t\t<\/div>\n\t\t<\/section>\n\t\t\t\t<\/div>","protected":false},"excerpt":{"rendered":"<p>Novedades Noticias https:\/\/www.youtube.com\/watch?v=Tbve2O9TZx4https:\/\/youtu.be\/4K2h8Nvpdqo?si=fFKrZiklWCu9CooY La voz de CORDERO | Bolet\u00edn mensual La continuidad como camino Diciembre 2025 VER Cada acci\u00f3n cuenta Noviembre 2025 VER Hacer para crecer Septiembre 2025 VER Esp\u00edritu Pyme Julio 2025 VER Mujeres en la industria Mayo 2025 VER Cada persona cuenta &#8211; Comunidad CORDERO Febrero 2025 VER Cierre 2024 junto a nuestro [&hellip;]<\/p>","protected":false},"author":1,"featured_media":0,"parent":0,"menu_order":0,"comment_status":"closed","ping_status":"closed","template":"elementor_header_footer","meta":{"footnotes":""},"class_list":["post-786","page","type-page","status-publish","hentry"],"yoast_head":"<!-- This site is optimized with the Yoast SEO plugin v26.2 - https:\/\/yoast.com\/wordpress\/plugins\/seo\/ -->\n<title>Novedades | CORDERO<\/title>\n<meta name=\"robots\" content=\"index, follow, max-snippet:-1, max-image-preview:large, max-video-preview:-1\" \/>\n<link rel=\"canonical\" href=\"https:\/\/ecordero.com.ar\/en\/novedades\/\" \/>\n<meta property=\"og:locale\" content=\"en_US\" \/>\n<meta property=\"og:type\" content=\"article\" \/>\n<meta property=\"og:title\" content=\"Novedades | CORDERO\" \/>\n<meta property=\"og:description\" content=\"Novedades Noticias https:\/\/www.youtube.com\/watch?v=Tbve2O9TZx4https:\/\/youtu.be\/4K2h8Nvpdqo?si=fFKrZiklWCu9CooY La voz de CORDERO | Bolet\u00edn mensual La continuidad como camino Diciembre 2025 VER Cada acci\u00f3n cuenta Noviembre 2025 VER Hacer para crecer Septiembre 2025 VER Esp\u00edritu Pyme Julio 2025 VER Mujeres en la industria Mayo 2025 VER Cada persona cuenta &#8211; Comunidad CORDERO Febrero 2025 VER Cierre 2024 junto a nuestro [&hellip;]\" \/>\n<meta property=\"og:url\" content=\"https:\/\/ecordero.com.ar\/en\/novedades\/\" \/>\n<meta property=\"og:site_name\" content=\"CORDERO\" \/>\n<meta property=\"article:modified_time\" content=\"2025-12-15T12:38:21+00:00\" \/>\n<meta property=\"og:image\" content=\"https:\/\/ecordero.com.ar\/wp-content\/uploads\/2023\/05\/CORDERO-Logo-Negro.png\" \/>\n\t<meta property=\"og:image:width\" content=\"8001\" \/>\n\t<meta property=\"og:image:height\" content=\"1489\" \/>\n\t<meta property=\"og:image:type\" content=\"image\/png\" \/>\n<meta name=\"twitter:card\" content=\"summary_large_image\" \/>\n<meta name=\"twitter:label1\" content=\"Est. reading time\" \/>\n\t<meta name=\"twitter:data1\" content=\"1 minute\" \/>\n<script type=\"application\/ld+json\" class=\"yoast-schema-graph\">{\"@context\":\"https:\/\/schema.org\",\"@graph\":[{\"@type\":\"WebPage\",\"@id\":\"https:\/\/ecordero.com.ar\/novedades\/\",\"url\":\"https:\/\/ecordero.com.ar\/novedades\/\",\"name\":\"Novedades | CORDERO\",\"isPartOf\":{\"@id\":\"https:\/\/ecordero.com.ar\/#website\"},\"datePublished\":\"2024-05-20T20:36:27+00:00\",\"dateModified\":\"2025-12-15T12:38:21+00:00\",\"breadcrumb\":{\"@id\":\"https:\/\/ecordero.com.ar\/novedades\/#breadcrumb\"},\"inLanguage\":\"en-US\",\"potentialAction\":[{\"@type\":\"ReadAction\",\"target\":[\"https:\/\/ecordero.com.ar\/novedades\/\"]}]},{\"@type\":\"BreadcrumbList\",\"@id\":\"https:\/\/ecordero.com.ar\/novedades\/#breadcrumb\",\"itemListElement\":[{\"@type\":\"ListItem\",\"position\":1,\"name\":\"Inicio\",\"item\":\"https:\/\/ecordero.com.ar\/\"},{\"@type\":\"ListItem\",\"position\":2,\"name\":\"Novedades\"}]},{\"@type\":\"WebSite\",\"@id\":\"https:\/\/ecordero.com.ar\/#website\",\"url\":\"https:\/\/ecordero.com.ar\/\",\"name\":\"CORDERO\",\"description\":\"Ingenio que trasciende\",\"publisher\":{\"@id\":\"https:\/\/ecordero.com.ar\/#organization\"},\"alternateName\":\"CORDERO\",\"potentialAction\":[{\"@type\":\"SearchAction\",\"target\":{\"@type\":\"EntryPoint\",\"urlTemplate\":\"https:\/\/ecordero.com.ar\/?s={search_term_string}\"},\"query-input\":{\"@type\":\"PropertyValueSpecification\",\"valueRequired\":true,\"valueName\":\"search_term_string\"}}],\"inLanguage\":\"en-US\"},{\"@type\":\"Organization\",\"@id\":\"https:\/\/ecordero.com.ar\/#organization\",\"name\":\"CORDERO\",\"url\":\"https:\/\/ecordero.com.ar\/\",\"logo\":{\"@type\":\"ImageObject\",\"inLanguage\":\"en-US\",\"@id\":\"https:\/\/ecordero.com.ar\/#\/schema\/logo\/image\/\",\"url\":\"https:\/\/ecordero.com.ar\/wp-content\/uploads\/2023\/05\/CORDERO-Logo-Negro.png\",\"contentUrl\":\"https:\/\/ecordero.com.ar\/wp-content\/uploads\/2023\/05\/CORDERO-Logo-Negro.png\",\"width\":8001,\"height\":1489,\"caption\":\"CORDERO\"},\"image\":{\"@id\":\"https:\/\/ecordero.com.ar\/#\/schema\/logo\/image\/\"}}]}<\/script>\n<!-- \/ Yoast SEO plugin. -->","yoast_head_json":{"title":"Novedades | CORDERO","robots":{"index":"index","follow":"follow","max-snippet":"max-snippet:-1","max-image-preview":"max-image-preview:large","max-video-preview":"max-video-preview:-1"},"canonical":"https:\/\/ecordero.com.ar\/en\/novedades\/","og_locale":"en_US","og_type":"article","og_title":"Novedades | CORDERO","og_description":"Novedades Noticias https:\/\/www.youtube.com\/watch?v=Tbve2O9TZx4https:\/\/youtu.be\/4K2h8Nvpdqo?si=fFKrZiklWCu9CooY La voz de CORDERO | Bolet\u00edn mensual La continuidad como camino Diciembre 2025 VER Cada acci\u00f3n cuenta Noviembre 2025 VER Hacer para crecer Septiembre 2025 VER Esp\u00edritu Pyme Julio 2025 VER Mujeres en la industria Mayo 2025 VER Cada persona cuenta &#8211; Comunidad CORDERO Febrero 2025 VER Cierre 2024 junto a nuestro [&hellip;]","og_url":"https:\/\/ecordero.com.ar\/en\/novedades\/","og_site_name":"CORDERO","article_modified_time":"2025-12-15T12:38:21+00:00","og_image":[{"width":8001,"height":1489,"url":"https:\/\/ecordero.com.ar\/wp-content\/uploads\/2023\/05\/CORDERO-Logo-Negro.png","type":"image\/png"}],"twitter_card":"summary_large_image","twitter_misc":{"Est. reading time":"1 minute"},"schema":{"@context":"https:\/\/schema.org","@graph":[{"@type":"WebPage","@id":"https:\/\/ecordero.com.ar\/novedades\/","url":"https:\/\/ecordero.com.ar\/novedades\/","name":"Novedades | CORDERO","isPartOf":{"@id":"https:\/\/ecordero.com.ar\/#website"},"datePublished":"2024-05-20T20:36:27+00:00","dateModified":"2025-12-15T12:38:21+00:00","breadcrumb":{"@id":"https:\/\/ecordero.com.ar\/novedades\/#breadcrumb"},"inLanguage":"en-US","potentialAction":[{"@type":"ReadAction","target":["https:\/\/ecordero.com.ar\/novedades\/"]}]},{"@type":"BreadcrumbList","@id":"https:\/\/ecordero.com.ar\/novedades\/#breadcrumb","itemListElement":[{"@type":"ListItem","position":1,"name":"Inicio","item":"https:\/\/ecordero.com.ar\/"},{"@type":"ListItem","position":2,"name":"Novedades"}]},{"@type":"WebSite","@id":"https:\/\/ecordero.com.ar\/#website","url":"https:\/\/ecordero.com.ar\/","name":"CORDERO","description":"Ingenio que trasciende","publisher":{"@id":"https:\/\/ecordero.com.ar\/#organization"},"alternateName":"CORDERO","potentialAction":[{"@type":"SearchAction","target":{"@type":"EntryPoint","urlTemplate":"https:\/\/ecordero.com.ar\/?s={search_term_string}"},"query-input":{"@type":"PropertyValueSpecification","valueRequired":true,"valueName":"search_term_string"}}],"inLanguage":"en-US"},{"@type":"Organization","@id":"https:\/\/ecordero.com.ar\/#organization","name":"CORDERO","url":"https:\/\/ecordero.com.ar\/","logo":{"@type":"ImageObject","inLanguage":"en-US","@id":"https:\/\/ecordero.com.ar\/#\/schema\/logo\/image\/","url":"https:\/\/ecordero.com.ar\/wp-content\/uploads\/2023\/05\/CORDERO-Logo-Negro.png","contentUrl":"https:\/\/ecordero.com.ar\/wp-content\/uploads\/2023\/05\/CORDERO-Logo-Negro.png","width":8001,"height":1489,"caption":"CORDERO"},"image":{"@id":"https:\/\/ecordero.com.ar\/#\/schema\/logo\/image\/"}}]}},"_links":{"self":[{"href":"https:\/\/ecordero.com.ar\/en\/wp-json\/wp\/v2\/pages\/786","targetHints":{"allow":["GET"]}}],"collection":[{"href":"https:\/\/ecordero.com.ar\/en\/wp-json\/wp\/v2\/pages"}],"about":[{"href":"https:\/\/ecordero.com.ar\/en\/wp-json\/wp\/v2\/types\/page"}],"author":[{"embeddable":true,"href":"https:\/\/ecordero.com.ar\/en\/wp-json\/wp\/v2\/users\/1"}],"replies":[{"embeddable":true,"href":"https:\/\/ecordero.com.ar\/en\/wp-json\/wp\/v2\/comments?post=786"}],"version-history":[{"count":155,"href":"https:\/\/ecordero.com.ar\/en\/wp-json\/wp\/v2\/pages\/786\/revisions"}],"predecessor-version":[{"id":1992,"href":"https:\/\/ecordero.com.ar\/en\/wp-json\/wp\/v2\/pages\/786\/revisions\/1992"}],"wp:attachment":[{"href":"https:\/\/ecordero.com.ar\/en\/wp-json\/wp\/v2\/media?parent=786"}],"curies":[{"name":"wp","href":"https:\/\/api.w.org\/{rel}","templated":true}]}}